{"id":8607,"date":"2017-03-15T16:42:34","date_gmt":"2017-03-15T15:42:34","guid":{"rendered":"http:\/\/batipol.la-plume.lu\/materiaux\/esco\/karel-iv\/"},"modified":"2017-03-16T17:07:32","modified_gmt":"2017-03-16T16:07:32","slug":"karel-iv","status":"publish","type":"page","link":"https:\/\/renovum.lu\/fr\/materiaux\/esco\/karel-iv\/","title":{"rendered":"Karel IV. \u2013 Plancher fabriqu\u00e9 et vieilli \u00e0 la main, un bon 300 ans en arri\u00e8re&#8230;"},"content":{"rendered":"[vc_row type=\u00a0\u00bbfull_width_background\u00a0\u00bb full_screen_row_position=\u00a0\u00bbmiddle\u00a0\u00bb bg_color=\u00a0\u00bb#f9f9f9&Prime; scene_position=\u00a0\u00bbcenter\u00a0\u00bb text_color=\u00a0\u00bbdark\u00a0\u00bb text_align=\u00a0\u00bbleft\u00a0\u00bb top_padding=\u00a0\u00bb3%\u00a0\u00bb overlay_strength=\u00a0\u00bb0.3&Prime;][vc_column column_padding=\u00a0\u00bbpadding-1-percent\u00a0\u00bb column_padding_position=\u00a0\u00bball\u00a0\u00bb background_color_opacity=\u00a0\u00bb1&Prime; background_hover_color_opacity=\u00a0\u00bb1&Prime; width=\u00a0\u00bb1\/1&Prime; tablet_text_alignment=\u00a0\u00bbdefault\u00a0\u00bb phone_text_alignment=\u00a0\u00bbdefault\u00a0\u00bb][vc_column_text]\n<h1><span style=\"color: #f98012;\">Karel IV.<\/span><\/h1>\n<p class=\"sousTitre\">Plancher fabriqu\u00e9 et vieilli \u00e0 la main, un bon 300 ans en arri\u00e8re&#8230;<\/p>\n[\/vc_column_text][\/vc_column][\/vc_row][vc_row type=\u00a0\u00bbfull_width_background\u00a0\u00bb full_screen_row_position=\u00a0\u00bbmiddle\u00a0\u00bb bg_color=\u00a0\u00bb#f9f9f9&Prime; scene_position=\u00a0\u00bbcenter\u00a0\u00bb text_color=\u00a0\u00bbdark\u00a0\u00bb text_align=\u00a0\u00bbleft\u00a0\u00bb bottom_padding=\u00a0\u00bb4%\u00a0\u00bb overlay_strength=\u00a0\u00bb0.3&Prime;][vc_column column_padding=\u00a0\u00bbpadding-1-percent\u00a0\u00bb column_padding_position=\u00a0\u00bball\u00a0\u00bb background_color_opacity=\u00a0\u00bb1&Prime; background_hover_color_opacity=\u00a0\u00bb1&Prime; width=\u00a0\u00bb1\/2&Prime; tablet_text_alignment=\u00a0\u00bbdefault\u00a0\u00bb phone_text_alignment=\u00a0\u00bbdefault\u00a0\u00bb][vc_column_text]Karel IV repr\u00e9sente le produit phare de notre gamme de planchers en ch\u00eane, parce qu\u2019ils sont sp\u00e9cialement tri\u00e9s \u00e0 la main selon la tradition. L\u2019aspect ext\u00e9rieur de ce plancher vous ram\u00e8nera au temps du Moyen Age et apporte une atmosph\u00e8re d\u2019il y a 300 ans et plus. Explorez et testez le plancher qui vous ram\u00e8ne dans le temps.[\/vc_column_text][\/vc_column][vc_column column_padding=\u00a0\u00bbno-extra-padding\u00a0\u00bb column_padding_position=\u00a0\u00bball\u00a0\u00bb background_color_opacity=\u00a0\u00bb1&Prime; background_hover_color_opacity=\u00a0\u00bb1&Prime; width=\u00a0\u00bb1\/2&Prime; tablet_text_alignment=\u00a0\u00bbdefault\u00a0\u00bb phone_text_alignment=\u00a0\u00bbdefault\u00a0\u00bb][vc_column_text]\n\n\t\t<style type=\"text\/css\">\n\t\t\t#gallery-1 {\n\t\t\t\tmargin: auto;\n\t\t\t}\n\t\t\t#gallery-1 .gallery-item {\n\t\t\t\tfloat: left;\n\t\t\t\tmargin-top: 10px;\n\t\t\t\ttext-align: center;\n\t\t\t\twidth: 25%;\n\t\t\t}\n\t\t\t#gallery-1 img {\n\t\t\t\tborder: 2px solid #cfcfcf;\n\t\t\t}\n\t\t\t#gallery-1 .gallery-caption {\n\t\t\t\tmargin-left: 0;\n\t\t\t}\n\t\t\t\/* see gallery_shortcode() in wp-includes\/media.php *\/\n\t\t<\/style>\n\t\t<div id='gallery-1' class='gallery galleryid-8607 gallery-columns-4 gallery-size-thumbnail'><dl class='gallery-item'>\n\t\t\t<dt class='gallery-icon portrait'>\n\t\t\t\t<a href='https:\/\/renovum.lu\/wp-content\/uploads\/2017\/03\/karel-iv-antic.jpg'><img loading=\"lazy\" decoding=\"async\" width=\"150\" height=\"150\" src=\"https:\/\/renovum.lu\/wp-content\/uploads\/2017\/03\/karel-iv-antic-150x150.jpg?wsr\" class=\"attachment-thumbnail size-thumbnail\" alt=\"karel-iv-antic\" aria-describedby=\"gallery-1-11371\" srcset=\"https:\/\/renovum.lu\/wp-content\/uploads\/2017\/03\/karel-iv-antic-150x150.jpg 150w, https:\/\/renovum.lu\/wp-content\/uploads\/2017\/03\/karel-iv-antic-50x50.jpg 50w, https:\/\/renovum.lu\/wp-content\/uploads\/2017\/03\/karel-iv-antic-400x403.jpg 400w, https:\/\/renovum.lu\/wp-content\/uploads\/2017\/03\/karel-iv-antic-100x100.jpg 100w\" sizes=\"auto, (max-width: 150px) 100vw, 150px\" \/><\/a>\n\t\t\t<\/dt>\n\t\t\t\t<dd class='wp-caption-text gallery-caption' id='gallery-1-11371'>\n\t\t\t\tAntic\n\t\t\t\t<\/dd><\/dl><dl class='gallery-item'>\n\t\t\t<dt class='gallery-icon portrait'>\n\t\t\t\t<a href='https:\/\/renovum.lu\/wp-content\/uploads\/2017\/03\/karel-iv-dark-grey.jpg'><img loading=\"lazy\" decoding=\"async\" width=\"150\" height=\"150\" src=\"https:\/\/renovum.lu\/wp-content\/uploads\/2017\/03\/karel-iv-dark-grey-150x150.jpg?wsr\" class=\"attachment-thumbnail size-thumbnail\" alt=\"karel-iv-dark-grey\" aria-describedby=\"gallery-1-11372\" srcset=\"https:\/\/renovum.lu\/wp-content\/uploads\/2017\/03\/karel-iv-dark-grey-150x150.jpg 150w, https:\/\/renovum.lu\/wp-content\/uploads\/2017\/03\/karel-iv-dark-grey-50x50.jpg 50w, https:\/\/renovum.lu\/wp-content\/uploads\/2017\/03\/karel-iv-dark-grey-400x403.jpg 400w, https:\/\/renovum.lu\/wp-content\/uploads\/2017\/03\/karel-iv-dark-grey-100x100.jpg 100w\" sizes=\"auto, (max-width: 150px) 100vw, 150px\" \/><\/a>\n\t\t\t<\/dt>\n\t\t\t\t<dd class='wp-caption-text gallery-caption' id='gallery-1-11372'>\n\t\t\t\tDark grey\n\t\t\t\t<\/dd><\/dl><dl class='gallery-item'>\n\t\t\t<dt class='gallery-icon portrait'>\n\t\t\t\t<a href='https:\/\/renovum.lu\/wp-content\/uploads\/2017\/03\/karel-iv-ebony.jpg'><img loading=\"lazy\" decoding=\"async\" width=\"150\" height=\"150\" src=\"https:\/\/renovum.lu\/wp-content\/uploads\/2017\/03\/karel-iv-ebony-150x150.jpg?wsr\" class=\"attachment-thumbnail size-thumbnail\" alt=\"karel-iv-ebony\" aria-describedby=\"gallery-1-11373\" srcset=\"https:\/\/renovum.lu\/wp-content\/uploads\/2017\/03\/karel-iv-ebony-150x150.jpg 150w, https:\/\/renovum.lu\/wp-content\/uploads\/2017\/03\/karel-iv-ebony-50x50.jpg 50w, https:\/\/renovum.lu\/wp-content\/uploads\/2017\/03\/karel-iv-ebony-400x403.jpg 400w, https:\/\/renovum.lu\/wp-content\/uploads\/2017\/03\/karel-iv-ebony-100x100.jpg 100w\" sizes=\"auto, (max-width: 150px) 100vw, 150px\" \/><\/a>\n\t\t\t<\/dt>\n\t\t\t\t<dd class='wp-caption-text gallery-caption' id='gallery-1-11373'>\n\t\t\t\tEbony\n\t\t\t\t<\/dd><\/dl><dl class='gallery-item'>\n\t\t\t<dt class='gallery-icon portrait'>\n\t\t\t\t<a href='https:\/\/renovum.lu\/wp-content\/uploads\/2017\/03\/karel-iv-musterd-grey.jpg'><img loading=\"lazy\" decoding=\"async\" width=\"150\" height=\"150\" src=\"https:\/\/renovum.lu\/wp-content\/uploads\/2017\/03\/karel-iv-musterd-grey-150x150.jpg?wsr\" class=\"attachment-thumbnail size-thumbnail\" alt=\"karel-iv-musterd-grey\" aria-describedby=\"gallery-1-11374\" srcset=\"https:\/\/renovum.lu\/wp-content\/uploads\/2017\/03\/karel-iv-musterd-grey-150x150.jpg 150w, https:\/\/renovum.lu\/wp-content\/uploads\/2017\/03\/karel-iv-musterd-grey-50x50.jpg 50w, https:\/\/renovum.lu\/wp-content\/uploads\/2017\/03\/karel-iv-musterd-grey-400x403.jpg 400w, https:\/\/renovum.lu\/wp-content\/uploads\/2017\/03\/karel-iv-musterd-grey-100x100.jpg 100w\" sizes=\"auto, (max-width: 150px) 100vw, 150px\" \/><\/a>\n\t\t\t<\/dt>\n\t\t\t\t<dd class='wp-caption-text gallery-caption' id='gallery-1-11374'>\n\t\t\t\tMusterd grey\n\t\t\t\t<\/dd><\/dl><br style=\"clear: both\" \/><dl class='gallery-item'>\n\t\t\t<dt class='gallery-icon portrait'>\n\t\t\t\t<a href='https:\/\/renovum.lu\/wp-content\/uploads\/2017\/03\/karel-iv-olive-green.jpg'><img loading=\"lazy\" decoding=\"async\" width=\"150\" height=\"150\" src=\"https:\/\/renovum.lu\/wp-content\/uploads\/2017\/03\/karel-iv-olive-green-150x150.jpg?wsr\" class=\"attachment-thumbnail size-thumbnail\" alt=\"karel-iv-olive-green\" aria-describedby=\"gallery-1-11375\" srcset=\"https:\/\/renovum.lu\/wp-content\/uploads\/2017\/03\/karel-iv-olive-green-150x150.jpg 150w, https:\/\/renovum.lu\/wp-content\/uploads\/2017\/03\/karel-iv-olive-green-50x50.jpg 50w, https:\/\/renovum.lu\/wp-content\/uploads\/2017\/03\/karel-iv-olive-green-400x403.jpg 400w, https:\/\/renovum.lu\/wp-content\/uploads\/2017\/03\/karel-iv-olive-green-100x100.jpg 100w\" sizes=\"auto, (max-width: 150px) 100vw, 150px\" \/><\/a>\n\t\t\t<\/dt>\n\t\t\t\t<dd class='wp-caption-text gallery-caption' id='gallery-1-11375'>\n\t\t\t\tOlive green\n\t\t\t\t<\/dd><\/dl><dl class='gallery-item'>\n\t\t\t<dt class='gallery-icon portrait'>\n\t\t\t\t<a href='https:\/\/renovum.lu\/wp-content\/uploads\/2017\/03\/karel-iv-schwamp-oak.jpg'><img loading=\"lazy\" decoding=\"async\" width=\"150\" height=\"150\" src=\"https:\/\/renovum.lu\/wp-content\/uploads\/2017\/03\/karel-iv-schwamp-oak-150x150.jpg?wsr\" class=\"attachment-thumbnail size-thumbnail\" alt=\"karel-iv-schwamp-oak\" aria-describedby=\"gallery-1-11376\" srcset=\"https:\/\/renovum.lu\/wp-content\/uploads\/2017\/03\/karel-iv-schwamp-oak-150x150.jpg 150w, https:\/\/renovum.lu\/wp-content\/uploads\/2017\/03\/karel-iv-schwamp-oak-50x50.jpg 50w, https:\/\/renovum.lu\/wp-content\/uploads\/2017\/03\/karel-iv-schwamp-oak-400x403.jpg 400w, https:\/\/renovum.lu\/wp-content\/uploads\/2017\/03\/karel-iv-schwamp-oak-100x100.jpg 100w\" sizes=\"auto, (max-width: 150px) 100vw, 150px\" \/><\/a>\n\t\t\t<\/dt>\n\t\t\t\t<dd class='wp-caption-text gallery-caption' id='gallery-1-11376'>\n\t\t\t\tSchwamp oak\n\t\t\t\t<\/dd><\/dl><dl class='gallery-item'>\n\t\t\t<dt class='gallery-icon landscape'>\n\t\t\t\t<a href='https:\/\/renovum.lu\/wp-content\/uploads\/2017\/03\/karel-iv-smoked-natural.jpg'><img loading=\"lazy\" decoding=\"async\" width=\"150\" height=\"150\" src=\"https:\/\/renovum.lu\/wp-content\/uploads\/2017\/03\/karel-iv-smoked-natural-150x150.jpg?wsr\" class=\"attachment-thumbnail size-thumbnail\" alt=\"karel-iv-smoked-natural\" aria-describedby=\"gallery-1-11377\" srcset=\"https:\/\/renovum.lu\/wp-content\/uploads\/2017\/03\/karel-iv-smoked-natural-150x150.jpg 150w, https:\/\/renovum.lu\/wp-content\/uploads\/2017\/03\/karel-iv-smoked-natural-50x50.jpg 50w, https:\/\/renovum.lu\/wp-content\/uploads\/2017\/03\/karel-iv-smoked-natural-100x100.jpg 100w, https:\/\/renovum.lu\/wp-content\/uploads\/2017\/03\/karel-iv-smoked-natural-500x500.jpg 500w\" sizes=\"auto, (max-width: 150px) 100vw, 150px\" \/><\/a>\n\t\t\t<\/dt>\n\t\t\t\t<dd class='wp-caption-text gallery-caption' id='gallery-1-11377'>\n\t\t\t\tSmoked natural\n\t\t\t\t<\/dd><\/dl><dl class='gallery-item'>\n\t\t\t<dt class='gallery-icon landscape'>\n\t\t\t\t<a href='https:\/\/renovum.lu\/wp-content\/uploads\/2017\/03\/karel-iv-smoked-white.jpg'><img loading=\"lazy\" decoding=\"async\" width=\"150\" height=\"150\" src=\"https:\/\/renovum.lu\/wp-content\/uploads\/2017\/03\/karel-iv-smoked-white-150x150.jpg?wsr\" class=\"attachment-thumbnail size-thumbnail\" alt=\"karel-iv-smoked-white\" aria-describedby=\"gallery-1-11378\" srcset=\"https:\/\/renovum.lu\/wp-content\/uploads\/2017\/03\/karel-iv-smoked-white-150x150.jpg 150w, https:\/\/renovum.lu\/wp-content\/uploads\/2017\/03\/karel-iv-smoked-white-50x50.jpg 50w, https:\/\/renovum.lu\/wp-content\/uploads\/2017\/03\/karel-iv-smoked-white-100x100.jpg 100w, https:\/\/renovum.lu\/wp-content\/uploads\/2017\/03\/karel-iv-smoked-white-500x500.jpg 500w\" sizes=\"auto, (max-width: 150px) 100vw, 150px\" \/><\/a>\n\t\t\t<\/dt>\n\t\t\t\t<dd class='wp-caption-text gallery-caption' id='gallery-1-11378'>\n\t\t\t\tSmoked white\n\t\t\t\t<\/dd><\/dl><br style=\"clear: both\" \/>\n\t\t<\/div>\n\n[\/vc_column_text][\/vc_column][\/vc_row][vc_row type=\u00a0\u00bbin_container\u00a0\u00bb full_screen_row_position=\u00a0\u00bbmiddle\u00a0\u00bb scene_position=\u00a0\u00bbcenter\u00a0\u00bb text_color=\u00a0\u00bbdark\u00a0\u00bb text_align=\u00a0\u00bbleft\u00a0\u00bb overlay_strength=\u00a0\u00bb0.3&Prime;][vc_column column_padding=\u00a0\u00bbno-extra-padding\u00a0\u00bb column_padding_position=\u00a0\u00bball\u00a0\u00bb background_color_opacity=\u00a0\u00bb1&Prime; background_hover_color_opacity=\u00a0\u00bb1&Prime; width=\u00a0\u00bb1\/1&Prime; tablet_text_alignment=\u00a0\u00bbdefault\u00a0\u00bb phone_text_alignment=\u00a0\u00bbdefault\u00a0\u00bb][vc_column_text]\n<table style=\"width: 100%;\">\n<tbody>\n<tr>\n<th style=\"width: 20%;\">Solid<\/th>\n<th style=\"width: 20%;\">\u00c9paisseur<\/th>\n<th style=\"width: 20%;\">Largeur<\/th>\n<th>Longueur<\/th>\n<\/tr>\n<tr>\n<td style=\"width: 37px;\">T&amp;G<\/td>\n<td style=\"width: 10px;\">20<\/td>\n<td style=\"width: 10px;\">120-185<\/td>\n<td style=\"width: 10px;\">40% 400-1650 \u2013 60% 1700-2300 (peut aller jusqu&rsquo;\u00e0\u00a02800 mm)<\/td>\n<\/tr>\n<tr>\n<td style=\"width: 37px;\">T&amp;G<\/td>\n<td style=\"width: 10px;\">14<\/td>\n<td style=\"width: 10px;\">130-150<\/td>\n<td style=\"width: 10px;\">\u00a040% 400-1650 \u2013 60% 1700-2300 (peut aller jusqu&rsquo;\u00e0\u00a02800 mm)<\/td>\n<\/tr>\n<\/tbody>\n<\/table>\n<table>\n<tbody>\n<tr>\n<th>Conception<\/th>\n<th>Type<\/th>\n<th>\u00c9paisseur<\/th>\n<th>Placage<\/th>\n<th>Largeur<\/th>\n<th>Longueur<\/th>\n<\/tr>\n<tr>\n<td>T&amp;G<\/td>\n<td>3\u00a0couches<\/td>\n<td>15<\/td>\n<td>4 &#8211;\u00a0ch\u00eane<\/td>\n<td>190<\/td>\n<td>Longueur fix de 1800 &#8211; 2400<\/td>\n<\/tr>\n<tr>\n<td>T&amp;G<\/td>\n<td>2 couches<\/td>\n<td>15<\/td>\n<td>4 &#8211; ch\u00eane<\/td>\n<td>190<\/td>\n<td>Longueur al\u00e9atoire\u00a01200-2400<\/td>\n<\/tr>\n<\/tbody>\n<\/table>\n<p style=\"text-align: center;\"><span style=\"color: #999999;\"><em>(Mesures en\u00a0mm, biseau standard \u00e0 2 c\u00f4t\u00e9s, T&amp;G = Tongue and Groove)<\/em><\/span><\/p>\n[\/vc_column_text][\/vc_column][\/vc_row][vc_row type=\u00a0\u00bbin_container\u00a0\u00bb full_screen_row_position=\u00a0\u00bbmiddle\u00a0\u00bb scene_position=\u00a0\u00bbcenter\u00a0\u00bb text_color=\u00a0\u00bbdark\u00a0\u00bb text_align=\u00a0\u00bbleft\u00a0\u00bb overlay_strength=\u00a0\u00bb0.3&Prime;][vc_column column_padding=\u00a0\u00bbno-extra-padding\u00a0\u00bb column_padding_position=\u00a0\u00bball\u00a0\u00bb background_color_opacity=\u00a0\u00bb1&Prime; background_hover_color_opacity=\u00a0\u00bb1&Prime; width=\u00a0\u00bb1\/2&Prime; tablet_text_alignment=\u00a0\u00bbdefault\u00a0\u00bb phone_text_alignment=\u00a0\u00bbdefault\u00a0\u00bb][vc_column_text]\n<h2>Bois style rustique, sp\u00e9cialement tri\u00e9 \u00e0 la main.<\/h2>\n[\/vc_column_text][\/vc_column][vc_column column_padding=\u00a0\u00bbno-extra-padding\u00a0\u00bb column_padding_position=\u00a0\u00bball\u00a0\u00bb background_color_opacity=\u00a0\u00bb1&Prime; background_hover_color_opacity=\u00a0\u00bb1&Prime; width=\u00a0\u00bb1\/2&Prime; tablet_text_alignment=\u00a0\u00bbdefault\u00a0\u00bb phone_text_alignment=\u00a0\u00bbdefault\u00a0\u00bb][vc_column_text]\n<h2>Vous pouvez choisir parmi 3 qualit\u00e9s diff\u00e9rentes, comme vu\u00a0ci-dessous :<\/h2>\n<p><img loading=\"lazy\" decoding=\"async\" class=\"inlineBlock_image alignnone wp-image-8219 size-full\" src=\"https:\/\/renovum.lu\/wp-content\/uploads\/2017\/03\/chateau-wood-style-1.png\" alt=\"\" width=\"203\" height=\"90\" \/><img loading=\"lazy\" decoding=\"async\" class=\"inlineBlock_image alignnone wp-image-8220 size-full\" src=\"https:\/\/renovum.lu\/wp-content\/uploads\/2017\/03\/chateau-wood-style-2.png\" alt=\"\" width=\"203\" height=\"90\" \/><img loading=\"lazy\" decoding=\"async\" class=\"inlineBlock_image alignnone wp-image-8221 size-full\" src=\"https:\/\/renovum.lu\/wp-content\/uploads\/2017\/03\/chateau-wood-style-3.png\" alt=\"\" width=\"203\" height=\"90\" \/>[\/vc_column_text][\/vc_column][\/vc_row][vc_row type=\u00a0\u00bbfull_width_content\u00a0\u00bb full_screen_row_position=\u00a0\u00bbmiddle\u00a0\u00bb scene_position=\u00a0\u00bbcenter\u00a0\u00bb text_color=\u00a0\u00bbdark\u00a0\u00bb text_align=\u00a0\u00bbleft\u00a0\u00bb overlay_strength=\u00a0\u00bb0.3&Prime;][vc_column column_padding=\u00a0\u00bbno-extra-padding\u00a0\u00bb column_padding_position=\u00a0\u00bball\u00a0\u00bb background_color_opacity=\u00a0\u00bb1&Prime; background_hover_color_opacity=\u00a0\u00bb1&Prime; width=\u00a0\u00bb1\/1&Prime; tablet_text_alignment=\u00a0\u00bbdefault\u00a0\u00bb phone_text_alignment=\u00a0\u00bbdefault\u00a0\u00bb][vc_gallery type=\u00a0\u00bbflickity_style\u00a0\u00bb images=\u00a0\u00bb8320,8321,8322,8323,8324&Prime; flickity_controls=\u00a0\u00bbpagination\u00a0\u00bb flickity_box_shadow=\u00a0\u00bbnone\u00a0\u00bb onclick=\u00a0\u00bblink_no\u00a0\u00bb][\/vc_column][\/vc_row][vc_row type=\u00a0\u00bbin_container\u00a0\u00bb full_screen_row_position=\u00a0\u00bbmiddle\u00a0\u00bb scene_position=\u00a0\u00bbcenter\u00a0\u00bb text_color=\u00a0\u00bbdark\u00a0\u00bb text_align=\u00a0\u00bbleft\u00a0\u00bb overlay_strength=\u00a0\u00bb0.3&Prime;][vc_column column_padding=\u00a0\u00bbno-extra-padding\u00a0\u00bb column_padding_position=\u00a0\u00bball\u00a0\u00bb background_color_opacity=\u00a0\u00bb1&Prime; background_hover_color_opacity=\u00a0\u00bb1&Prime; width=\u00a0\u00bb1\/1&Prime; tablet_text_alignment=\u00a0\u00bbdefault\u00a0\u00bb phone_text_alignment=\u00a0\u00bbdefault\u00a0\u00bb][vc_column_text css=\u00a0\u00bb.vc_custom_1489679667874{padding-top: 30px !important;}\u00a0\u00bb]<a href=\"https:\/\/renovum.lu\/fr\/materiaux\/esco\/\">\u27f5 Retour aux planchers\u00a0Esco<\/a>[\/vc_column_text][\/vc_column][\/vc_row]\n","protected":false},"excerpt":{"rendered":"<p>[vc_row type=\u00a0\u00bbfull_width_background\u00a0\u00bb full_screen_row_position=\u00a0\u00bbmiddle\u00a0\u00bb bg_color=\u00a0\u00bb#f9f9f9&Prime; scene_position=\u00a0\u00bbcenter\u00a0\u00bb text_color=\u00a0\u00bbdark\u00a0\u00bb text_align=\u00a0\u00bbleft\u00a0\u00bb top_padding=\u00a0\u00bb3%\u00a0\u00bb overlay_strength=\u00a0\u00bb0.3&Prime;][vc_column column_padding=\u00a0\u00bbpadding-1-percent\u00a0\u00bb column_padding_position=\u00a0\u00bball\u00a0\u00bb background_color_opacity=\u00a0\u00bb1&Prime; background_hover_color_opacity=\u00a0\u00bb1&Prime; width=\u00a0\u00bb1\/1&Prime; tablet_text_alignment=\u00a0\u00bbdefault\u00a0\u00bb phone_text_alignment=\u00a0\u00bbdefault\u00a0\u00bb][vc_column_text] Karel IV. Plancher fabriqu\u00e9 et vieilli \u00e0 la main, un bon 300 ans en&#8230;<\/p>\n","protected":false},"author":3,"featured_media":0,"parent":8571,"menu_order":0,"comment_status":"closed","ping_status":"closed","template":"","meta":{"footnotes":""},"class_list":["post-8607","page","type-page","status-publish"],"_links":{"self":[{"href":"https:\/\/renovum.lu\/fr\/wp-json\/wp\/v2\/pages\/8607","targetHints":{"allow":["GET"]}}],"collection":[{"href":"https:\/\/renovum.lu\/fr\/wp-json\/wp\/v2\/pages"}],"about":[{"href":"https:\/\/renovum.lu\/fr\/wp-json\/wp\/v2\/types\/page"}],"author":[{"embeddable":true,"href":"https:\/\/renovum.lu\/fr\/wp-json\/wp\/v2\/users\/3"}],"replies":[{"embeddable":true,"href":"https:\/\/renovum.lu\/fr\/wp-json\/wp\/v2\/comments?post=8607"}],"version-history":[{"count":5,"href":"https:\/\/renovum.lu\/fr\/wp-json\/wp\/v2\/pages\/8607\/revisions"}],"predecessor-version":[{"id":8752,"href":"https:\/\/renovum.lu\/fr\/wp-json\/wp\/v2\/pages\/8607\/revisions\/8752"}],"up":[{"embeddable":true,"href":"https:\/\/renovum.lu\/fr\/wp-json\/wp\/v2\/pages\/8571"}],"wp:attachment":[{"href":"https:\/\/renovum.lu\/fr\/wp-json\/wp\/v2\/media?parent=8607"}],"curies":[{"name":"wp","href":"https:\/\/api.w.org\/{rel}","templated":true}]}}